{"id":2110,"date":"2024-04-15T13:14:29","date_gmt":"2024-04-15T17:14:29","guid":{"rendered":"https:\/\/www.technigaz.ca\/?page_id=2110"},"modified":"2024-07-12T08:59:35","modified_gmt":"2024-07-12T12:59:35","slug":"industrial-piping","status":"publish","type":"page","link":"https:\/\/www.technigaz.ca\/en\/services\/industrial-piping\/","title":{"rendered":"Industrial piping"},"content":{"rendered":"\t\t<div data-elementor-type=\"wp-page\" data-elementor-id=\"2110\" class=\"elementor elementor-2110 elementor-479\" data-elementor-post-type=\"page\">\n\t\t\t\t<div class=\"elementor-element elementor-element-68907e8 e-flex e-con-boxed e-con e-parent\" data-id=\"68907e8\" data-element_type=\"container\" data-e-type=\"container\" data-settings=\"{&quot;background_background&quot;:&quot;classic&quot;}\">\n\t\t\t\t\t<div class=\"e-con-inner\">\n\t\t\t\t\t<\/div>\n\t\t\t\t<\/div>\n\t\t<div class=\"elementor-element elementor-element-7c780e7 e-flex e-con-boxed e-con e-parent\" data-id=\"7c780e7\" data-element_type=\"container\" data-e-type=\"container\" data-settings=\"{&quot;background_background&quot;:&quot;classic&quot;}\">\n\t\t\t\t\t<div class=\"e-con-inner\">\n\t\t\t\t<div class=\"elementor-element elementor-element-aba3c06 elementor-widget elementor-widget-heading\" data-id=\"aba3c06\" data-element_type=\"widget\" data-e-type=\"widget\" data-widget_type=\"heading.default\">\n\t\t\t\t<div class=\"elementor-widget-container\">\n\t\t\t\t\t<h1 class=\"elementor-heading-title elementor-size-default\">Industrial piping<\/h1>\t\t\t\t<\/div>\n\t\t\t\t<\/div>\n\t\t\t\t<div class=\"elementor-element elementor-element-f384e24 elementor-widget elementor-widget-breadcrumbs\" data-id=\"f384e24\" data-element_type=\"widget\" data-e-type=\"widget\" data-widget_type=\"breadcrumbs.default\">\n\t\t\t\t<div class=\"elementor-widget-container\">\n\t\t\t\t\t<p id=\"breadcrumbs\"><span><span><a href=\"https:\/\/www.technigaz.ca\/en\/\">Home<\/a><\/span><\/span><\/p>\t\t\t\t<\/div>\n\t\t\t\t<\/div>\n\t\t\t\t\t<\/div>\n\t\t\t\t<\/div>\n\t\t<div class=\"elementor-element elementor-element-15b3c04 e-flex e-con-boxed e-con e-parent\" data-id=\"15b3c04\" data-element_type=\"container\" data-e-type=\"container\" data-settings=\"{&quot;background_background&quot;:&quot;gradient&quot;}\">\n\t\t\t\t\t<div class=\"e-con-inner\">\n\t\t<div class=\"elementor-element elementor-element-127a7c8 e-con-full e-flex e-con e-child\" data-id=\"127a7c8\" data-element_type=\"container\" data-e-type=\"container\" data-settings=\"{&quot;background_background&quot;:&quot;classic&quot;,&quot;background_motion_fx_motion_fx_scrolling&quot;:&quot;yes&quot;,&quot;background_motion_fx_translateY_effect&quot;:&quot;yes&quot;,&quot;background_motion_fx_translateY_speed&quot;:{&quot;unit&quot;:&quot;px&quot;,&quot;size&quot;:4,&quot;sizes&quot;:[]},&quot;background_motion_fx_translateY_affectedRange&quot;:{&quot;unit&quot;:&quot;%&quot;,&quot;size&quot;:&quot;&quot;,&quot;sizes&quot;:{&quot;start&quot;:0,&quot;end&quot;:100}},&quot;background_motion_fx_devices&quot;:[&quot;desktop&quot;,&quot;tablet&quot;,&quot;mobile&quot;]}\">\n\t\t\t\t<div class=\"elementor-element elementor-element-585ab63 elementor-widget elementor-widget-image\" data-id=\"585ab63\" data-element_type=\"widget\" data-e-type=\"widget\" data-widget_type=\"image.default\">\n\t\t\t\t<div class=\"elementor-widget-container\">\n\t\t\t\t\t\t\t\t\t\t\t\t\t\t\t\t<a href=\"https:\/\/www.technigaz.ca\/wp-content\/uploads\/2024\/05\/tuyauterie1-e1715798419849.jpg\" data-elementor-open-lightbox=\"yes\" data-elementor-lightbox-title=\"tuyauterie1\" data-e-action-hash=\"#elementor-action%3Aaction%3Dlightbox%26settings%3DeyJpZCI6MTg5MiwidXJsIjoiaHR0cHM6XC9cL3d3dy50ZWNobmlnYXouY2FcL3dwLWNvbnRlbnRcL3VwbG9hZHNcLzIwMjRcLzA1XC90dXlhdXRlcmllMS1lMTcxNTc5ODQxOTg0OS5qcGcifQ%3D%3D\">\n\t\t\t\t\t\t\t<img fetchpriority=\"high\" decoding=\"async\" width=\"1024\" height=\"668\" src=\"https:\/\/www.technigaz.ca\/wp-content\/uploads\/2024\/05\/tuyauterie1-e1715798419849-1024x668.jpg\" class=\"attachment-large size-large wp-image-1892\" alt=\"\" srcset=\"https:\/\/www.technigaz.ca\/wp-content\/uploads\/2024\/05\/tuyauterie1-e1715798419849-1024x668.jpg 1024w, https:\/\/www.technigaz.ca\/wp-content\/uploads\/2024\/05\/tuyauterie1-e1715798419849-300x196.jpg 300w, https:\/\/www.technigaz.ca\/wp-content\/uploads\/2024\/05\/tuyauterie1-e1715798419849-768x501.jpg 768w, https:\/\/www.technigaz.ca\/wp-content\/uploads\/2024\/05\/tuyauterie1-e1715798419849.jpg 1303w\" sizes=\"(max-width: 1024px) 100vw, 1024px\" \/>\t\t\t\t\t\t\t\t<\/a>\n\t\t\t\t\t\t\t\t\t\t\t\t\t\t\t<\/div>\n\t\t\t\t<\/div>\n\t\t\t\t<div class=\"elementor-element elementor-element-7dd819e elementor-mobile-align-left elementor-widget elementor-widget-button\" data-id=\"7dd819e\" data-element_type=\"widget\" data-e-type=\"widget\" data-widget_type=\"button.default\">\n\t\t\t\t<div class=\"elementor-widget-container\">\n\t\t\t\t\t\t\t\t\t<div class=\"elementor-button-wrapper\">\n\t\t\t\t\t<a class=\"elementor-button elementor-button-link elementor-size-lg elementor-animation-grow\" href=\"https:\/\/www.technigaz.ca\/realisations\/tuyauterie-industrielle\/\">\n\t\t\t\t\t\t<span class=\"elementor-button-content-wrapper\">\n\t\t\t\t\t\t\t\t\t<span class=\"elementor-button-text\">View our realisations - Piping<\/span>\n\t\t\t\t\t<\/span>\n\t\t\t\t\t<\/a>\n\t\t\t\t<\/div>\n\t\t\t\t\t\t\t\t<\/div>\n\t\t\t\t<\/div>\n\t\t\t\t<\/div>\n\t\t<div class=\"elementor-element elementor-element-85cf5b0 e-con-full e-flex e-con e-child\" data-id=\"85cf5b0\" data-element_type=\"container\" data-e-type=\"container\">\n\t\t\t\t<div class=\"elementor-element elementor-element-2f4e357 elementor-widget elementor-widget-heading\" data-id=\"2f4e357\" data-element_type=\"widget\" data-e-type=\"widget\" data-widget_type=\"heading.default\">\n\t\t\t\t<div class=\"elementor-widget-container\">\n\t\t\t\t\t<h2 class=\"elementor-heading-title elementor-size-default\">Technigaz<br>\nMuch more than gas<\/h2>\t\t\t\t<\/div>\n\t\t\t\t<\/div>\n\t\t\t\t<div class=\"elementor-element elementor-element-254acf1 elementor-widget elementor-widget-text-editor\" data-id=\"254acf1\" data-element_type=\"widget\" data-e-type=\"widget\" data-widget_type=\"text-editor.default\">\n\t\t\t\t<div class=\"elementor-widget-container\">\n\t\t\t\t\t\t\t\t\t<p>Technigaz is a member of the Corporation des Maitres M\u00e9caniciens en Tuyauterie du Qu\u00e9bec (CMMTQ).<\/p><p>We offer our clients a range of services including the fabrication, repair, and installation of industrial piping. These operations are carried out according to our strict quality control system, certified by the R\u00e9gie du b\u00e2timent du Qu\u00e9bec (RBQ).<\/p><p>Whether it is for the installation of process equipment such as heat exchangers or other pressure vessels, we provide a comprehensive service that includes design, schematics, fabrication, and RBQ approvals.<\/p><p>Our welding procedures and welders are certified to work under high pressure.<\/p>\t\t\t\t\t\t\t\t<\/div>\n\t\t\t\t<\/div>\n\t\t\t\t<div class=\"elementor-element elementor-element-c1e42b0 elementor-mobile-align-left elementor-widget elementor-widget-button\" data-id=\"c1e42b0\" data-element_type=\"widget\" data-e-type=\"widget\" data-widget_type=\"button.default\">\n\t\t\t\t<div class=\"elementor-widget-container\">\n\t\t\t\t\t\t\t\t\t<div class=\"elementor-button-wrapper\">\n\t\t\t\t\t<a class=\"elementor-button elementor-button-link elementor-size-lg elementor-animation-grow\" href=\"https:\/\/www.technigaz.ca\/services\/\">\n\t\t\t\t\t\t<span class=\"elementor-button-content-wrapper\">\n\t\t\t\t\t\t\t\t\t<span class=\"elementor-button-text\">View all services<\/span>\n\t\t\t\t\t<\/span>\n\t\t\t\t\t<\/a>\n\t\t\t\t<\/div>\n\t\t\t\t\t\t\t\t<\/div>\n\t\t\t\t<\/div>\n\t\t\t\t<\/div>\n\t\t\t\t\t<\/div>\n\t\t\t\t<\/div>\n\t\t\t\t<\/div>\n\t\t","protected":false},"excerpt":{"rendered":"<p>View our realisations &#8211; Piping Technigaz Much more than gas Technigaz is a member of the Corporation des Maitres M\u00e9caniciens en Tuyauterie du Qu\u00e9bec (CMMTQ). We offer our clients a range of services including the fabrication, repair, and installation of industrial piping. These operations are carried out according to our strict quality control system, certified [&hellip;]<\/p>\n","protected":false},"author":1,"featured_media":0,"parent":2059,"menu_order":0,"comment_status":"closed","ping_status":"closed","template":"","meta":{"_acf_changed":false,"site-sidebar-layout":"no-sidebar","site-content-layout":"","ast-site-content-layout":"full-width-container","site-content-style":"default","site-sidebar-style":"default","ast-global-header-display":"","ast-banner-title-visibility":"","ast-main-header-display":"","ast-hfb-above-header-display":"","ast-hfb-below-header-display":"","ast-hfb-mobile-header-display":"","site-post-title":"disabled","ast-breadcrumbs-content":"","ast-featured-img":"disabled","footer-sml-layout":"","ast-disable-related-posts":"","theme-transparent-header-meta":"","adv-header-id-meta":"","stick-header-meta":"","header-above-stick-meta":"","header-main-stick-meta":"","header-below-stick-meta":"","astra-migrate-meta-layouts":"default","ast-page-background-enabled":"default","ast-page-background-meta":{"desktop":{"background-color":"var(--ast-global-color-4)","background-image":"","background-repeat":"repeat","background-position":"center center","background-size":"auto","background-attachment":"scroll","background-type":"","background-media":"","overlay-type":"","overlay-color":"","overlay-opacity":"","overlay-gradient":""},"tablet":{"background-color":"","background-image":"","background-repeat":"repeat","background-position":"center center","background-size":"auto","background-attachment":"scroll","background-type":"","background-media":"","overlay-type":"","overlay-color":"","overlay-opacity":"","overlay-gradient":""},"mobile":{"background-color":"","background-image":"","background-repeat":"repeat","background-position":"center center","background-size":"auto","background-attachment":"scroll","background-type":"","background-media":"","overlay-type":"","overlay-color":"","overlay-opacity":"","overlay-gradient":""}},"ast-content-background-meta":{"desktop":{"background-color":"var(--ast-global-color-5)","background-image":"","background-repeat":"repeat","background-position":"center center","background-size":"auto","background-attachment":"scroll","background-type":"","background-media":"","overlay-type":"","overlay-color":"","overlay-opacity":"","overlay-gradient":""},"tablet":{"background-color":"var(--ast-global-color-5)","background-image":"","background-repeat":"repeat","background-position":"center center","background-size":"auto","background-attachment":"scroll","background-type":"","background-media":"","overlay-type":"","overlay-color":"","overlay-opacity":"","overlay-gradient":""},"mobile":{"background-color":"var(--ast-global-color-5)","background-image":"","background-repeat":"repeat","background-position":"center center","background-size":"auto","background-attachment":"scroll","background-type":"","background-media":"","overlay-type":"","overlay-color":"","overlay-opacity":"","overlay-gradient":""}},"footnotes":""},"class_list":["post-2110","page","type-page","status-publish","hentry"],"acf":[],"yoast_head":"<!-- This site is optimized with the Yoast SEO plugin v27.6 - https:\/\/yoast.com\/product\/yoast-seo-wordpress\/ -->\n<title>Industrial piping - Technigaz<\/title>\n<meta name=\"description\" content=\"View our realisations - Piping Technigaz Much more than gas Technigaz is a member of the Corporation des Maitres M\u00e9caniciens en Tuyauterie du Qu\u00e9bec\" \/>\n<meta name=\"robots\" content=\"index, follow, max-snippet:-1, max-image-preview:large, max-video-preview:-1\" \/>\n<link rel=\"canonical\" href=\"https:\/\/www.technigaz.ca\/en\/services\/industrial-piping\/\" \/>\n<meta property=\"og:locale\" content=\"en_US\" \/>\n<meta property=\"og:type\" content=\"article\" \/>\n<meta property=\"og:title\" content=\"Industrial piping - Technigaz\" \/>\n<meta property=\"og:description\" content=\"View our realisations - Piping Technigaz Much more than gas Technigaz is a member of the Corporation des Maitres M\u00e9caniciens en Tuyauterie du Qu\u00e9bec\" \/>\n<meta property=\"og:url\" content=\"https:\/\/www.technigaz.ca\/en\/services\/industrial-piping\/\" \/>\n<meta property=\"og:site_name\" content=\"Technigaz\" \/>\n<meta property=\"article:modified_time\" content=\"2024-07-12T12:59:35+00:00\" \/>\n<meta property=\"og:image\" content=\"https:\/\/www.technigaz.ca\/wp-content\/uploads\/2024\/05\/tuyauterie1-e1715798419849-1024x668.jpg\" \/>\n<meta name=\"twitter:card\" content=\"summary_large_image\" \/>\n<meta name=\"twitter:label1\" content=\"Est. reading time\" \/>\n\t<meta name=\"twitter:data1\" content=\"1 minute\" \/>\n<script type=\"application\/ld+json\" class=\"yoast-schema-graph\">{\"@context\":\"https:\\\/\\\/schema.org\",\"@graph\":[{\"@type\":\"WebPage\",\"@id\":\"https:\\\/\\\/www.technigaz.ca\\\/en\\\/services\\\/industrial-piping\\\/\",\"url\":\"https:\\\/\\\/www.technigaz.ca\\\/en\\\/services\\\/industrial-piping\\\/\",\"name\":\"Industrial piping - Technigaz\",\"isPartOf\":{\"@id\":\"https:\\\/\\\/www.technigaz.ca\\\/en\\\/#website\"},\"primaryImageOfPage\":{\"@id\":\"https:\\\/\\\/www.technigaz.ca\\\/en\\\/services\\\/industrial-piping\\\/#primaryimage\"},\"image\":{\"@id\":\"https:\\\/\\\/www.technigaz.ca\\\/en\\\/services\\\/industrial-piping\\\/#primaryimage\"},\"thumbnailUrl\":\"https:\\\/\\\/www.technigaz.ca\\\/wp-content\\\/uploads\\\/2024\\\/05\\\/tuyauterie1-e1715798419849-1024x668.jpg\",\"datePublished\":\"2024-04-15T17:14:29+00:00\",\"dateModified\":\"2024-07-12T12:59:35+00:00\",\"description\":\"View our realisations - Piping Technigaz Much more than gas Technigaz is a member of the Corporation des Maitres M\u00e9caniciens en Tuyauterie du Qu\u00e9bec\",\"breadcrumb\":{\"@id\":\"https:\\\/\\\/www.technigaz.ca\\\/en\\\/services\\\/industrial-piping\\\/#breadcrumb\"},\"inLanguage\":\"en-US\",\"potentialAction\":[{\"@type\":\"ReadAction\",\"target\":[\"https:\\\/\\\/www.technigaz.ca\\\/en\\\/services\\\/industrial-piping\\\/\"]}]},{\"@type\":\"ImageObject\",\"inLanguage\":\"en-US\",\"@id\":\"https:\\\/\\\/www.technigaz.ca\\\/en\\\/services\\\/industrial-piping\\\/#primaryimage\",\"url\":\"https:\\\/\\\/www.technigaz.ca\\\/wp-content\\\/uploads\\\/2024\\\/05\\\/tuyauterie1-e1715798419849-1024x668.jpg\",\"contentUrl\":\"https:\\\/\\\/www.technigaz.ca\\\/wp-content\\\/uploads\\\/2024\\\/05\\\/tuyauterie1-e1715798419849-1024x668.jpg\"},{\"@type\":\"BreadcrumbList\",\"@id\":\"https:\\\/\\\/www.technigaz.ca\\\/en\\\/services\\\/industrial-piping\\\/#breadcrumb\",\"itemListElement\":[{\"@type\":\"ListItem\",\"position\":1,\"name\":\"Home\",\"item\":\"https:\\\/\\\/www.technigaz.ca\\\/en\\\/\"},{\"@type\":\"ListItem\",\"position\":2,\"name\":\"Services\",\"item\":\"https:\\\/\\\/www.technigaz.ca\\\/en\\\/services\\\/\"},{\"@type\":\"ListItem\",\"position\":3,\"name\":\"Industrial piping\"}]},{\"@type\":\"WebSite\",\"@id\":\"https:\\\/\\\/www.technigaz.ca\\\/en\\\/#website\",\"url\":\"https:\\\/\\\/www.technigaz.ca\\\/en\\\/\",\"name\":\"Technigaz\",\"description\":\"\u00c9lectricit\u00e9 - Instrumentation - Combustion - Automatisation - Tuyauterie\",\"publisher\":{\"@id\":\"https:\\\/\\\/www.technigaz.ca\\\/en\\\/#organization\"},\"potentialAction\":[{\"@type\":\"SearchAction\",\"target\":{\"@type\":\"EntryPoint\",\"urlTemplate\":\"https:\\\/\\\/www.technigaz.ca\\\/en\\\/?s={search_term_string}\"},\"query-input\":{\"@type\":\"PropertyValueSpecification\",\"valueRequired\":true,\"valueName\":\"search_term_string\"}}],\"inLanguage\":\"en-US\"},{\"@type\":\"Organization\",\"@id\":\"https:\\\/\\\/www.technigaz.ca\\\/en\\\/#organization\",\"name\":\"Technigaz\",\"url\":\"https:\\\/\\\/www.technigaz.ca\\\/en\\\/\",\"logo\":{\"@type\":\"ImageObject\",\"inLanguage\":\"en-US\",\"@id\":\"https:\\\/\\\/www.technigaz.ca\\\/en\\\/#\\\/schema\\\/logo\\\/image\\\/\",\"url\":\"https:\\\/\\\/www.technigaz.ca\\\/wp-content\\\/uploads\\\/2024\\\/02\\\/logo-technigaz-blanc.svg\",\"contentUrl\":\"https:\\\/\\\/www.technigaz.ca\\\/wp-content\\\/uploads\\\/2024\\\/02\\\/logo-technigaz-blanc.svg\",\"width\":527,\"height\":144,\"caption\":\"Technigaz\"},\"image\":{\"@id\":\"https:\\\/\\\/www.technigaz.ca\\\/en\\\/#\\\/schema\\\/logo\\\/image\\\/\"}}]}<\/script>\n<!-- \/ Yoast SEO plugin. -->","yoast_head_json":{"title":"Industrial piping - Technigaz","description":"View our realisations - Piping Technigaz Much more than gas Technigaz is a member of the Corporation des Maitres M\u00e9caniciens en Tuyauterie du Qu\u00e9bec","robots":{"index":"index","follow":"follow","max-snippet":"max-snippet:-1","max-image-preview":"max-image-preview:large","max-video-preview":"max-video-preview:-1"},"canonical":"https:\/\/www.technigaz.ca\/en\/services\/industrial-piping\/","og_locale":"en_US","og_type":"article","og_title":"Industrial piping - Technigaz","og_description":"View our realisations - Piping Technigaz Much more than gas Technigaz is a member of the Corporation des Maitres M\u00e9caniciens en Tuyauterie du Qu\u00e9bec","og_url":"https:\/\/www.technigaz.ca\/en\/services\/industrial-piping\/","og_site_name":"Technigaz","article_modified_time":"2024-07-12T12:59:35+00:00","og_image":[{"url":"https:\/\/www.technigaz.ca\/wp-content\/uploads\/2024\/05\/tuyauterie1-e1715798419849-1024x668.jpg","type":"","width":"","height":""}],"twitter_card":"summary_large_image","twitter_misc":{"Est. reading time":"1 minute"},"schema":{"@context":"https:\/\/schema.org","@graph":[{"@type":"WebPage","@id":"https:\/\/www.technigaz.ca\/en\/services\/industrial-piping\/","url":"https:\/\/www.technigaz.ca\/en\/services\/industrial-piping\/","name":"Industrial piping - Technigaz","isPartOf":{"@id":"https:\/\/www.technigaz.ca\/en\/#website"},"primaryImageOfPage":{"@id":"https:\/\/www.technigaz.ca\/en\/services\/industrial-piping\/#primaryimage"},"image":{"@id":"https:\/\/www.technigaz.ca\/en\/services\/industrial-piping\/#primaryimage"},"thumbnailUrl":"https:\/\/www.technigaz.ca\/wp-content\/uploads\/2024\/05\/tuyauterie1-e1715798419849-1024x668.jpg","datePublished":"2024-04-15T17:14:29+00:00","dateModified":"2024-07-12T12:59:35+00:00","description":"View our realisations - Piping Technigaz Much more than gas Technigaz is a member of the Corporation des Maitres M\u00e9caniciens en Tuyauterie du Qu\u00e9bec","breadcrumb":{"@id":"https:\/\/www.technigaz.ca\/en\/services\/industrial-piping\/#breadcrumb"},"inLanguage":"en-US","potentialAction":[{"@type":"ReadAction","target":["https:\/\/www.technigaz.ca\/en\/services\/industrial-piping\/"]}]},{"@type":"ImageObject","inLanguage":"en-US","@id":"https:\/\/www.technigaz.ca\/en\/services\/industrial-piping\/#primaryimage","url":"https:\/\/www.technigaz.ca\/wp-content\/uploads\/2024\/05\/tuyauterie1-e1715798419849-1024x668.jpg","contentUrl":"https:\/\/www.technigaz.ca\/wp-content\/uploads\/2024\/05\/tuyauterie1-e1715798419849-1024x668.jpg"},{"@type":"BreadcrumbList","@id":"https:\/\/www.technigaz.ca\/en\/services\/industrial-piping\/#breadcrumb","itemListElement":[{"@type":"ListItem","position":1,"name":"Home","item":"https:\/\/www.technigaz.ca\/en\/"},{"@type":"ListItem","position":2,"name":"Services","item":"https:\/\/www.technigaz.ca\/en\/services\/"},{"@type":"ListItem","position":3,"name":"Industrial piping"}]},{"@type":"WebSite","@id":"https:\/\/www.technigaz.ca\/en\/#website","url":"https:\/\/www.technigaz.ca\/en\/","name":"Technigaz","description":"\u00c9lectricit\u00e9 - Instrumentation - Combustion - Automatisation - Tuyauterie","publisher":{"@id":"https:\/\/www.technigaz.ca\/en\/#organization"},"potentialAction":[{"@type":"SearchAction","target":{"@type":"EntryPoint","urlTemplate":"https:\/\/www.technigaz.ca\/en\/?s={search_term_string}"},"query-input":{"@type":"PropertyValueSpecification","valueRequired":true,"valueName":"search_term_string"}}],"inLanguage":"en-US"},{"@type":"Organization","@id":"https:\/\/www.technigaz.ca\/en\/#organization","name":"Technigaz","url":"https:\/\/www.technigaz.ca\/en\/","logo":{"@type":"ImageObject","inLanguage":"en-US","@id":"https:\/\/www.technigaz.ca\/en\/#\/schema\/logo\/image\/","url":"https:\/\/www.technigaz.ca\/wp-content\/uploads\/2024\/02\/logo-technigaz-blanc.svg","contentUrl":"https:\/\/www.technigaz.ca\/wp-content\/uploads\/2024\/02\/logo-technigaz-blanc.svg","width":527,"height":144,"caption":"Technigaz"},"image":{"@id":"https:\/\/www.technigaz.ca\/en\/#\/schema\/logo\/image\/"}}]}},"_links":{"self":[{"href":"https:\/\/www.technigaz.ca\/en\/wp-json\/wp\/v2\/pages\/2110","targetHints":{"allow":["GET"]}}],"collection":[{"href":"https:\/\/www.technigaz.ca\/en\/wp-json\/wp\/v2\/pages"}],"about":[{"href":"https:\/\/www.technigaz.ca\/en\/wp-json\/wp\/v2\/types\/page"}],"author":[{"embeddable":true,"href":"https:\/\/www.technigaz.ca\/en\/wp-json\/wp\/v2\/users\/1"}],"replies":[{"embeddable":true,"href":"https:\/\/www.technigaz.ca\/en\/wp-json\/wp\/v2\/comments?post=2110"}],"version-history":[{"count":19,"href":"https:\/\/www.technigaz.ca\/en\/wp-json\/wp\/v2\/pages\/2110\/revisions"}],"predecessor-version":[{"id":2489,"href":"https:\/\/www.technigaz.ca\/en\/wp-json\/wp\/v2\/pages\/2110\/revisions\/2489"}],"up":[{"embeddable":true,"href":"https:\/\/www.technigaz.ca\/en\/wp-json\/wp\/v2\/pages\/2059"}],"wp:attachment":[{"href":"https:\/\/www.technigaz.ca\/en\/wp-json\/wp\/v2\/media?parent=2110"}],"curies":[{"name":"wp","href":"https:\/\/api.w.org\/{rel}","templated":true}]}}